{"id":86902,"date":"2022-09-26T14:00:19","date_gmt":"2022-09-26T12:00:19","guid":{"rendered":"https:\/\/www.cemexventures.com\/contact-22\/"},"modified":"2024-03-04T12:16:11","modified_gmt":"2024-03-04T11:16:11","slug":"contactactanos","status":"publish","type":"page","link":"https:\/\/www.cemexventures.com\/es\/contactactanos\/","title":{"rendered":"Cont\u00e1ctanos"},"content":{"rendered":"<div id=\"bsf_rt_marker\"><\/div>\t\t<div data-elementor-type=\"wp-page\" data-elementor-id=\"86902\" class=\"elementor elementor-86902 elementor-86880\" data-elementor-post-type=\"page\">\n\t\t\t\t<div class=\"elementor-element elementor-element-0c58aff e-flex e-con-boxed e-con e-parent\" data-id=\"0c58aff\" data-element_type=\"container\" data-e-type=\"container\" data-settings=\"{&quot;background_background&quot;:&quot;classic&quot;}\">\n\t\t\t\t\t<div class=\"e-con-inner\">\n\t\t<div class=\"elementor-element elementor-element-95d15b9 e-con-full e-flex e-con e-child\" data-id=\"95d15b9\" data-element_type=\"container\" data-e-type=\"container\">\n\t\t\t\t<div class=\"elementor-element elementor-element-e8836ee elementor-widget elementor-widget-heading\" data-id=\"e8836ee\" data-element_type=\"widget\" data-e-type=\"widget\" data-widget_type=\"heading.default\">\n\t\t\t\t\t<h1 class=\"elementor-heading-title elementor-size-default\">Est\u00e1s listo para impulsar la revoluci\u00f3n en la industria de la construcci\u00f3n.<\/h1>\t\t\t\t<\/div>\n\t\t\t\t<div class=\"elementor-element elementor-element-143c14d elementor-widget elementor-widget-text-editor\" data-id=\"143c14d\" data-element_type=\"widget\" data-e-type=\"widget\" data-widget_type=\"text-editor.default\">\n\t\t\t\t\t\t\t\t\t<p>Escr\u00edbenos y te responderemos lo antes posible.<\/p>\n\t\t\t\t\t\t\t\t<\/div>\n\t\t\t\t<div class=\"elementor-element elementor-element-634a553 elementor-widget elementor-widget-button\" data-id=\"634a553\" data-element_type=\"widget\" data-e-type=\"widget\" data-widget_type=\"button.default\">\n\t\t\t\t\t\t\t\t\t\t<a class=\"elementor-button elementor-button-link elementor-size-sm\" href=\"#form_work\">\n\t\t\t\t\t\t<span class=\"elementor-button-content-wrapper\">\n\t\t\t\t\t\t\t\t\t<span class=\"elementor-button-text\">Trabaja con nosotros<\/span>\n\t\t\t\t\t<\/span>\n\t\t\t\t\t<\/a>\n\t\t\t\t\t\t\t\t<\/div>\n\t\t\t\t<\/div>\n\t\t\t\t<div class=\"elementor-element elementor-element-eadbed3 elementor-widget__width-initial elementor-widget-mobile__width-inherit elementor-widget elementor-widget-html\" data-id=\"eadbed3\" data-element_type=\"widget\" data-e-type=\"widget\" data-widget_type=\"html.default\">\n\t\t\t\t\t<div data-tf-widget=\"DcvKAQkr\" data-tf-opacity=\"0\" data-tf-iframe-props=\"title=Contact\" data-tf-medium=\"snippet\" style=\"width:100%;height:auto;\"><\/div><script src=\"\/\/embed.typeform.com\/next\/embed.js\"><\/script>\t\t\t\t<\/div>\n\t\t\t\t\t<\/div>\n\t\t\t\t<\/div>\n\t\t<div class=\"elementor-element elementor-element-6a550ed e-flex e-con-boxed e-con e-parent\" data-id=\"6a550ed\" data-element_type=\"container\" data-e-type=\"container\" data-settings=\"{&quot;background_background&quot;:&quot;classic&quot;}\">\n\t\t\t\t\t<div class=\"e-con-inner\">\n\t\t\t\t<div class=\"elementor-element elementor-element-6de84fd elementor-widget__width-inherit elementor-widget elementor-widget-heading\" data-id=\"6de84fd\" data-element_type=\"widget\" data-e-type=\"widget\" data-widget_type=\"heading.default\">\n\t\t\t\t\t<h3 class=\"elementor-heading-title elementor-size-default\">Nuestra huella global<\/h3>\t\t\t\t<\/div>\n\t\t\t\t<div class=\"elementor-element elementor-element-af9f5b5 elementor-widget__width-inherit elementor-widget elementor-widget-text-editor\" data-id=\"af9f5b5\" data-element_type=\"widget\" data-e-type=\"widget\" data-widget_type=\"text-editor.default\">\n\t\t\t\t\t\t\t\t\t<p>Empoderamos a startups y emprendedores de la industria de la construcci\u00f3n en todo el mundo.<\/p>\n\t\t\t\t\t\t\t\t<\/div>\n\t\t\t\t<div class=\"elementor-element elementor-element-e7e01a4 elementor-widget__width-inherit elementor-widget elementor-widget-image\" data-id=\"e7e01a4\" data-element_type=\"widget\" data-e-type=\"widget\" data-widget_type=\"image.default\">\n\t\t\t\t\t\t\t\t\t\t\t\t\t\t\t<img fetchpriority=\"high\" decoding=\"async\" width=\"1024\" height=\"595\" src=\"https:\/\/www.cemexventures.com\/wp-content\/uploads\/2024\/01\/map-contact-us-1024x595.png\" class=\"attachment-large size-large wp-image-102694 img-fluid\" alt=\"\" srcset=\"https:\/\/www.cemexventures.com\/wp-content\/uploads\/2024\/01\/map-contact-us-1024x595.png 1024w, https:\/\/www.cemexventures.com\/wp-content\/uploads\/2024\/01\/map-contact-us-300x174.png 300w, https:\/\/www.cemexventures.com\/wp-content\/uploads\/2024\/01\/map-contact-us-768x446.png 768w, https:\/\/www.cemexventures.com\/wp-content\/uploads\/2024\/01\/map-contact-us-1536x892.png 1536w, https:\/\/www.cemexventures.com\/wp-content\/uploads\/2024\/01\/map-contact-us.png 2000w\" sizes=\"(max-width: 1024px) 100vw, 1024px\" \/>\t\t\t\t\t\t\t\t\t\t\t\t\t\t\t<\/div>\n\t\t<div class=\"elementor-element elementor-element-e7e4d75 e-flex e-con-boxed e-con e-child\" data-id=\"e7e4d75\" data-element_type=\"container\" data-e-type=\"container\">\n\t\t\t\t\t<div class=\"e-con-inner\">\n\t\t\t\t<div class=\"elementor-element elementor-element-dfb581b elementor-position-inline-start elementor-widget__width-initial elementor-widget-mobile__width-inherit elementor-view-default elementor-mobile-position-block-start elementor-widget elementor-widget-icon-box\" data-id=\"dfb581b\" data-element_type=\"widget\" data-e-type=\"widget\" data-widget_type=\"icon-box.default\">\n\t\t\t\t\t\t\t<div class=\"elementor-icon-box-wrapper\">\n\n\t\t\t\t\t\t<div class=\"elementor-icon-box-icon\">\n\t\t\t\t<span  class=\"elementor-icon\">\n\t\t\t\t<svg xmlns=\"http:\/\/www.w3.org\/2000\/svg\" width=\"23\" height=\"31\" viewBox=\"0 0 23 31\" fill=\"none\"><g clip-path=\"url(#clip0_349_9007)\"><path d=\"M11.2502 0.445313C8.45362 0.449333 5.77279 1.56203 3.79534 3.53948C1.81789 5.51693 0.705192 8.19777 0.701172 10.9943C0.701172 18.2159 10.1452 28.8167 10.5466 29.2646C10.6357 29.3639 10.7447 29.4433 10.8666 29.4976C10.9884 29.552 11.1203 29.5801 11.2537 29.5801C11.3871 29.5801 11.5191 29.552 11.6409 29.4976C11.7627 29.4433 11.8717 29.3639 11.9609 29.2646C12.3632 28.8176 21.8063 18.2159 21.8063 10.9943C21.802 8.1966 20.6883 5.51482 18.7093 3.53722C16.7304 1.55962 14.0479 0.447677 11.2502 0.445313ZM11.2502 16.3072C10.2002 16.3072 9.17384 15.9959 8.3008 15.4127C7.42776 14.8294 6.74725 14.0005 6.34529 13.0305C5.94333 12.0606 5.83798 10.9932 6.04256 9.96338C6.24713 8.93357 6.75244 7.98752 7.49461 7.24486C8.23678 6.50219 9.18248 5.99624 10.2122 5.79097C11.2418 5.5857 12.3093 5.69034 13.2795 6.09164C14.2497 6.49295 15.0792 7.1729 15.663 8.04555C16.2468 8.9182 16.5588 9.94436 16.5595 10.9943C16.5588 12.4025 15.9993 13.753 15.0039 14.7491C14.0084 15.7452 12.6584 16.3056 11.2502 16.3072Z\" fill=\"#0040FF\" stroke=\"#E1E1E1\" stroke-width=\"0.893982\"><\/path><\/g><defs><clipPath id=\"clip0_349_9007\"><rect width=\"22\" height=\"30.0324\" fill=\"white\" transform=\"translate(0.25)\"><\/rect><\/clipPath><\/defs><\/svg>\t\t\t\t<\/span>\n\t\t\t<\/div>\n\t\t\t\n\t\t\t\t\t\t<div class=\"elementor-icon-box-content\">\n\n\t\t\t\t\t\t\t\t\t<span class=\"elementor-icon-box-title\">\n\t\t\t\t\t\t<span  >\n\t\t\t\t\t\t\tMadrid, Espa\u00f1a\t\t\t\t\t\t<\/span>\n\t\t\t\t\t<\/span>\n\t\t\t\t\n\t\t\t\t\t\t\t\t\t<p class=\"elementor-icon-box-description\">\n\t\t\t\t\t\tC\/Hernandez de Tejada, 1. 28027.\t\t\t\t\t<\/p>\n\t\t\t\t\n\t\t\t<\/div>\n\t\t\t\n\t\t<\/div>\n\t\t\t\t\t\t<\/div>\n\t\t\t\t<div class=\"elementor-element elementor-element-d6ec3bd elementor-position-inline-start elementor-widget__width-initial elementor-widget-mobile__width-inherit elementor-view-default elementor-mobile-position-block-start elementor-widget elementor-widget-icon-box\" data-id=\"d6ec3bd\" data-element_type=\"widget\" data-e-type=\"widget\" data-widget_type=\"icon-box.default\">\n\t\t\t\t\t\t\t<div class=\"elementor-icon-box-wrapper\">\n\n\t\t\t\t\t\t<div class=\"elementor-icon-box-icon\">\n\t\t\t\t<span  class=\"elementor-icon\">\n\t\t\t\t<svg xmlns=\"http:\/\/www.w3.org\/2000\/svg\" width=\"23\" height=\"31\" viewBox=\"0 0 23 31\" fill=\"none\"><g clip-path=\"url(#clip0_349_9007)\"><path d=\"M11.2502 0.445313C8.45362 0.449333 5.77279 1.56203 3.79534 3.53948C1.81789 5.51693 0.705192 8.19777 0.701172 10.9943C0.701172 18.2159 10.1452 28.8167 10.5466 29.2646C10.6357 29.3639 10.7447 29.4433 10.8666 29.4976C10.9884 29.552 11.1203 29.5801 11.2537 29.5801C11.3871 29.5801 11.5191 29.552 11.6409 29.4976C11.7627 29.4433 11.8717 29.3639 11.9609 29.2646C12.3632 28.8176 21.8063 18.2159 21.8063 10.9943C21.802 8.1966 20.6883 5.51482 18.7093 3.53722C16.7304 1.55962 14.0479 0.447677 11.2502 0.445313ZM11.2502 16.3072C10.2002 16.3072 9.17384 15.9959 8.3008 15.4127C7.42776 14.8294 6.74725 14.0005 6.34529 13.0305C5.94333 12.0606 5.83798 10.9932 6.04256 9.96338C6.24713 8.93357 6.75244 7.98752 7.49461 7.24486C8.23678 6.50219 9.18248 5.99624 10.2122 5.79097C11.2418 5.5857 12.3093 5.69034 13.2795 6.09164C14.2497 6.49295 15.0792 7.1729 15.663 8.04555C16.2468 8.9182 16.5588 9.94436 16.5595 10.9943C16.5588 12.4025 15.9993 13.753 15.0039 14.7491C14.0084 15.7452 12.6584 16.3056 11.2502 16.3072Z\" fill=\"#0040FF\" stroke=\"#E1E1E1\" stroke-width=\"0.893982\"><\/path><\/g><defs><clipPath id=\"clip0_349_9007\"><rect width=\"22\" height=\"30.0324\" fill=\"white\" transform=\"translate(0.25)\"><\/rect><\/clipPath><\/defs><\/svg>\t\t\t\t<\/span>\n\t\t\t<\/div>\n\t\t\t\n\t\t\t\t\t\t<div class=\"elementor-icon-box-content\">\n\n\t\t\t\t\t\t\t\t\t<span class=\"elementor-icon-box-title\">\n\t\t\t\t\t\t<span  >\n\t\t\t\t\t\t\tMonterrey, Mexico\t\t\t\t\t\t<\/span>\n\t\t\t\t\t<\/span>\n\t\t\t\t\n\t\t\t\t\t\t\t\t\t<p class=\"elementor-icon-box-description\">\n\t\t\t\t\t\tDigital Hub Monterrey, Zona Industrial, San Pedro Garza Garc\u00eda, N.L.\n\t\t\t\t\t<\/p>\n\t\t\t\t\n\t\t\t<\/div>\n\t\t\t\n\t\t<\/div>\n\t\t\t\t\t\t<\/div>\n\t\t\t\t\t<\/div>\n\t\t\t\t<\/div>\n\t\t\t\t\t<\/div>\n\t\t\t\t<\/div>\n\t\t<div class=\"elementor-element elementor-element-7ef297a form_work e-flex e-con-boxed e-con e-parent\" data-id=\"7ef297a\" data-element_type=\"container\" data-e-type=\"container\" data-settings=\"{&quot;background_background&quot;:&quot;classic&quot;}\">\n\t\t\t\t\t<div class=\"e-con-inner\">\n\t\t<div class=\"elementor-element elementor-element-19530e3 e-con-full e-flex e-con e-child\" data-id=\"19530e3\" data-element_type=\"container\" data-e-type=\"container\">\n\t\t\t\t<div class=\"elementor-element elementor-element-6ec2f81 elementor-widget elementor-widget-heading\" data-id=\"6ec2f81\" data-element_type=\"widget\" data-e-type=\"widget\" data-widget_type=\"heading.default\">\n\t\t\t\t\t<h2 class=\"elementor-heading-title elementor-size-default\">Trabaja con nosotros<\/h2>\t\t\t\t<\/div>\n\t\t\t\t<div class=\"elementor-element elementor-element-f3afdf0 elementor-widget elementor-widget-text-editor\" data-id=\"f3afdf0\" data-element_type=\"widget\" data-e-type=\"widget\" data-widget_type=\"text-editor.default\">\n\t\t\t\t\t\t\t\t\t<p>Trabajar en un equipo multidisciplinario creado para apoyar y fomentar la revoluci\u00f3n de la construcci\u00f3n.<\/p>\n\t\t\t\t\t\t\t\t<\/div>\n\t\t\t\t<\/div>\n\t\t\t\t<div class=\"elementor-element elementor-element-e81476e elementor-button-align-end elementor-widget__width-initial elementor-widget-mobile__width-inherit elementor-widget elementor-widget-form\" data-id=\"e81476e\" data-element_type=\"widget\" data-e-type=\"widget\" data-settings=\"{&quot;button_width&quot;:&quot;25&quot;,&quot;step_next_label&quot;:&quot;Siguiente&quot;,&quot;step_previous_label&quot;:&quot;Anterior&quot;,&quot;step_type&quot;:&quot;number_text&quot;,&quot;step_icon_shape&quot;:&quot;circle&quot;}\" data-widget_type=\"form.default\">\n\t\t\t\t\t\t\t<form class=\"elementor-form\" method=\"post\" name=\"Nuevo formulario\" aria-label=\"Nuevo formulario\">\n\t\t\t<input type=\"hidden\" name=\"post_id\" value=\"86902\"\/>\n\t\t\t<input type=\"hidden\" name=\"form_id\" value=\"e81476e\"\/>\n\t\t\t<input type=\"hidden\" name=\"referer_title\" value=\"Cont\u00e1ctanos | Cemex Ventures\" \/>\n\n\t\t\t\t\t\t\t<input type=\"hidden\" name=\"queried_id\" value=\"86902\"\/>\n\t\t\t\n\t\t\t<div class=\"elementor-form-fields-wrapper elementor-labels-\">\n\t\t\t\t\t\t\t\t<div class=\"elementor-field-type-email elementor-field-group elementor-column elementor-field-group-email elementor-col-100 elementor-field-required\">\n\t\t\t\t\t\t\t\t\t\t\t\t<label for=\"form-field-email\" class=\"elementor-field-label elementor-screen-only\">\n\t\t\t\t\t\t\t\tEmail\t\t\t\t\t\t\t<\/label>\n\t\t\t\t\t\t\t\t\t\t\t\t\t\t<input size=\"1\" type=\"email\" name=\"form_fields[email]\" id=\"form-field-email\" class=\"elementor-field elementor-size-sm  elementor-field-textual\" placeholder=\"Email\" required=\"required\">\n\t\t\t\t\t\t\t\t\t\t\t<\/div>\n\t\t\t\t\t\t\t\t<div class=\"elementor-field-type-text elementor-field-group elementor-column elementor-field-group-field_1bd3a37 elementor-col-100 elementor-field-required\">\n\t\t\t\t\t\t\t\t\t\t\t\t<label for=\"form-field-field_1bd3a37\" class=\"elementor-field-label elementor-screen-only\">\n\t\t\t\t\t\t\t\tOferta\t\t\t\t\t\t\t<\/label>\n\t\t\t\t\t\t\t\t\t\t\t\t\t\t<input size=\"1\" type=\"text\" name=\"form_fields[field_1bd3a37]\" id=\"form-field-field_1bd3a37\" class=\"elementor-field elementor-size-sm  elementor-field-textual\" placeholder=\"Oferta\" required=\"required\">\n\t\t\t\t\t\t\t\t\t\t\t<\/div>\n\t\t\t\t\t\t\t\t<div class=\"elementor-field-type-tel elementor-field-group elementor-column elementor-field-group-field_42f4f99 elementor-col-100 elementor-field-required\">\n\t\t\t\t\t\t\t\t\t\t\t\t<label for=\"form-field-field_42f4f99\" class=\"elementor-field-label elementor-screen-only\">\n\t\t\t\t\t\t\t\tTel\u00e9fono\t\t\t\t\t\t\t<\/label>\n\t\t\t\t\t\t\t\t<input size=\"1\" type=\"tel\" name=\"form_fields[field_42f4f99]\" id=\"form-field-field_42f4f99\" class=\"elementor-field elementor-size-sm  elementor-field-textual\" placeholder=\"Tel\u00e9fono\" required=\"required\" pattern=\"[0-9()#&amp;+*-=.]+\" title=\"Only numbers and phone characters (#, -, *, etc) are accepted.\">\n\n\t\t\t\t\t\t<\/div>\n\t\t\t\t\t\t\t\t<div class=\"elementor-field-type-textarea elementor-field-group elementor-column elementor-field-group-message elementor-col-100 elementor-field-required\">\n\t\t\t\t\t\t\t\t\t\t\t\t<label for=\"form-field-message\" class=\"elementor-field-label elementor-screen-only\">\n\t\t\t\t\t\t\t\tMensaje\t\t\t\t\t\t\t<\/label>\n\t\t\t\t\t\t<textarea class=\"elementor-field-textual elementor-field  elementor-size-sm\" name=\"form_fields[message]\" id=\"form-field-message\" rows=\"4\" placeholder=\"Mensaje\" required=\"required\"><\/textarea>\t\t\t\t<\/div>\n\t\t\t\t\t\t\t\t<div class=\"elementor-field-type-upload elementor-field-group elementor-column elementor-field-group-field_6b1a47a elementor-col-100\">\n\t\t\t\t\t\t\t<input type=\"file\" name=\"form_fields[field_6b1a47a]\" id=\"form-field-field_6b1a47a\" class=\"elementor-field elementor-size-sm  elementor-upload-field\">\n\n\t\t\t\t\t\t<\/div>\n\t\t\t\t\t\t\t\t<div class=\"elementor-field-type-acceptance elementor-field-group elementor-column elementor-field-group-field_fc6d43c elementor-col-75\">\n\t\t\t\t\t\t\t<div class=\"elementor-field-subgroup\">\n\t\t\t<span class=\"elementor-field-option\">\n\t\t\t\t<input type=\"checkbox\" name=\"form_fields[field_fc6d43c]\" id=\"form-field-field_fc6d43c\" class=\"elementor-field elementor-size-sm  elementor-acceptance-field\">\n\t\t\t\t<label for=\"form-field-field_fc6d43c\">Acepto la Pol\u00edtica de Privacidad<\/label>\t\t\t<\/span>\n\t\t<\/div>\n\t\t\t\t\t\t<\/div>\n\t\t\t\t\t\t\t\t<div class=\"elementor-field-type-recaptcha_v3 elementor-field-group elementor-column elementor-field-group-field_17447be elementor-col-100 recaptcha_v3-bottomright\">\n\t\t\t\t\t<div class=\"elementor-field\" id=\"form-field-field_17447be\"><div class=\"elementor-g-recaptcha\" data-sitekey=\"6LdyYFEpAAAAABOytggY7mk3a3J35we9KXj8NFNM\" data-type=\"v3\" data-action=\"Form\" data-badge=\"bottomright\" data-size=\"invisible\"><\/div><\/div>\t\t\t\t<\/div>\n\t\t\t\t\t\t\t\t<div class=\"elementor-field-group elementor-column elementor-field-type-submit elementor-col-25 e-form__buttons\">\n\t\t\t\t\t<button class=\"elementor-button elementor-size-sm\" type=\"submit\">\n\t\t\t\t\t\t<span class=\"elementor-button-content-wrapper\">\n\t\t\t\t\t\t\t\t\t\t\t\t\t\t\t\t\t\t\t\t\t\t<span class=\"elementor-button-text\">Enviar<\/span>\n\t\t\t\t\t\t\t\t\t\t\t\t\t<\/span>\n\t\t\t\t\t<\/button>\n\t\t\t\t<\/div>\n\t\t\t<\/div>\n\t\t<\/form>\n\t\t\t\t\t\t<\/div>\n\t\t\t\t\t<\/div>\n\t\t\t\t<\/div>\n\t\t\t\t<section class=\"elementor-section elementor-top-section elementor-element elementor-element-b4671da btn_sticky elementor-section-boxed elementor-section-height-default elementor-section-height-default\" data-id=\"b4671da\" data-element_type=\"section\" data-e-type=\"section\">\n\t\t\t\t\t\t<div class=\"elementor-container elementor-column-gap-default\">\n\t\t\t\t\t<div class=\"elementor-column elementor-col-100 elementor-top-column elementor-element elementor-element-187b112\" data-id=\"187b112\" data-element_type=\"column\" data-e-type=\"column\">\n\t\t\t<div class=\"elementor-widget-wrap elementor-element-populated\">\n\t\t\t\t\t\t<div class=\"elementor-element elementor-element-25002d1 elementor-widget elementor-widget-html\" data-id=\"25002d1\" data-element_type=\"widget\" data-e-type=\"widget\" data-widget_type=\"html.default\">\n\t\t\t\t\t<button data-tf-popup=\"rPcx5JMi\" data-tf-size=\"70\" data-tf-iframe-props=\"title=Contact - sticky\" data-tf-medium=\"snippet\" style=\"all:unset;font-family:Bai_Jamjuree, Sans-serif;display:inline-block;max-width:100%;white-space:nowrap;overflow:hidden;text-overflow:ellipsis;background-color:#0040FF;color:#ffffff;font-size:15px;border-radius:20px;padding:0 26px;font-weight:500;height:40px;cursor:pointer;line-height:40px;text-align:center;margin:0;text-decoration:none;\">Cont\u00e1ctanos\n <\/button><script src=\"\/\/embed.typeform.com\/next\/embed.js\"><\/script>\t\t\t\t<\/div>\n\t\t\t\t\t<\/div>\n\t\t<\/div>\n\t\t\t\t\t<\/div>\n\t\t<\/section>\n\t\t\t\t<\/div>\n\t\t","protected":false},"excerpt":{"rendered":"<p>Est\u00e1s listo para impulsar la revoluci\u00f3n en la industria de la construcci\u00f3n. Escr\u00edbenos y te responderemos lo antes posible. Trabaja [&hellip;]<\/p>\n","protected":false},"author":36,"featured_media":0,"parent":0,"menu_order":0,"comment_status":"closed","ping_status":"closed","template":"elementor_header_footer","meta":{"_acf_changed":false,"footnotes":""},"class_list":["post-86902","page","type-page","status-publish","hentry"],"acf":[],"_links":{"self":[{"href":"https:\/\/www.cemexventures.com\/es\/wp-json\/wp\/v2\/pages\/86902","targetHints":{"allow":["GET"]}}],"collection":[{"href":"https:\/\/www.cemexventures.com\/es\/wp-json\/wp\/v2\/pages"}],"about":[{"href":"https:\/\/www.cemexventures.com\/es\/wp-json\/wp\/v2\/types\/page"}],"author":[{"embeddable":true,"href":"https:\/\/www.cemexventures.com\/es\/wp-json\/wp\/v2\/users\/36"}],"replies":[{"embeddable":true,"href":"https:\/\/www.cemexventures.com\/es\/wp-json\/wp\/v2\/comments?post=86902"}],"version-history":[{"count":5,"href":"https:\/\/www.cemexventures.com\/es\/wp-json\/wp\/v2\/pages\/86902\/revisions"}],"predecessor-version":[{"id":104782,"href":"https:\/\/www.cemexventures.com\/es\/wp-json\/wp\/v2\/pages\/86902\/revisions\/104782"}],"wp:attachment":[{"href":"https:\/\/www.cemexventures.com\/es\/wp-json\/wp\/v2\/media?parent=86902"}],"curies":[{"name":"wp","href":"https:\/\/api.w.org\/{rel}","templated":true}]}}