{"id":441,"date":"2018-12-04T16:54:33","date_gmt":"2018-12-04T15:54:33","guid":{"rendered":"https:\/\/www.cemexventures.com\/?page_id=441"},"modified":"2022-10-25T10:04:04","modified_gmt":"2022-10-25T08:04:04","slug":"contactanos-old","status":"publish","type":"page","link":"https:\/\/www.cemexventures.com\/es\/contactanos-old\/","title":{"rendered":"CONT\u00c1CTANOS old"},"content":{"rendered":"<div id=\"bsf_rt_marker\"><\/div><p><span style=\"font-weight: 400;\">Est\u00e1s listo para impulsar la revoluci\u00f3n en la industria de la construcci\u00f3n. Escr\u00edbenos y te responderemos lo antes posible.<\/span><\/p>\n<p>&nbsp;<\/p>\n","protected":false},"excerpt":{"rendered":"<p>Est\u00e1s listo para impulsar la revoluci\u00f3n en la industria de la construcci\u00f3n. Escr\u00edbenos y te responderemos lo antes posible. &nbsp;<\/p>\n","protected":false},"author":35,"featured_media":0,"parent":0,"menu_order":0,"comment_status":"closed","ping_status":"closed","template":"page-contact.php","meta":{"_acf_changed":false,"footnotes":""},"class_list":["post-441","page","type-page","status-publish","hentry"],"acf":[],"_links":{"self":[{"href":"https:\/\/www.cemexventures.com\/es\/wp-json\/wp\/v2\/pages\/441","targetHints":{"allow":["GET"]}}],"collection":[{"href":"https:\/\/www.cemexventures.com\/es\/wp-json\/wp\/v2\/pages"}],"about":[{"href":"https:\/\/www.cemexventures.com\/es\/wp-json\/wp\/v2\/types\/page"}],"author":[{"embeddable":true,"href":"https:\/\/www.cemexventures.com\/es\/wp-json\/wp\/v2\/users\/35"}],"replies":[{"embeddable":true,"href":"https:\/\/www.cemexventures.com\/es\/wp-json\/wp\/v2\/comments?post=441"}],"version-history":[{"count":0,"href":"https:\/\/www.cemexventures.com\/es\/wp-json\/wp\/v2\/pages\/441\/revisions"}],"wp:attachment":[{"href":"https:\/\/www.cemexventures.com\/es\/wp-json\/wp\/v2\/media?parent=441"}],"curies":[{"name":"wp","href":"https:\/\/api.w.org\/{rel}","templated":true}]}}